{"id":84,"date":"2026-03-11T15:40:44","date_gmt":"2026-03-11T15:40:44","guid":{"rendered":"https:\/\/kyrorent.fi\/?page_id=84"},"modified":"2026-03-30T09:13:23","modified_gmt":"2026-03-30T09:13:23","slug":"vuokrausehdot","status":"publish","type":"page","link":"https:\/\/kyrorent.fi\/index.php\/vuokrausehdot\/","title":{"rendered":"Vuokrausehdot"},"content":{"rendered":"\n<h3 class=\"wp-block-heading\">Kalustovuokrauksen yleiset ehdot<\/h3>\n\n\n\n<p>Me Kyr\u00f6 Rentill\u00e4 (Remontti &amp; Rakennus Tauriainen Oy) haluamme, ett\u00e4 vuokraaminen on huoletonta.<\/p>\n\n\n\n<h3 class=\"wp-block-heading\">1.Sopijapuolet ja soveltamisala<\/h3>\n\n\n\n<p>N\u00e4it\u00e4 sopimusehtoja sovelletaan kaluston vuokralleantajan (j\u00e4ljemp\u00e4n\u00e4 Vuokranantajan) ja kaluston vuokralle ottajan (j\u00e4ljemp\u00e4n\u00e4 Vuokraajan) v\u00e4lill\u00e4, ellei osapuolten kesken ole toisin sovittu. Vuokrahinnasta ja maksuista sovitaan erikseen vuokrasopimuksessa.<\/p>\n\n\n\n<h3 class=\"wp-block-heading\">2.Vuokra-aika<\/h3>\n\n\n\n<p>Vuokra aika alkaa p\u00e4iv\u00e4st\u00e4, jolloin kalusto noudetaan tai on ollut sovitusti noudettavissa Vuokranantajan varastosta tai jolloin se toimitetaan Vuokraajalle. Vuokra-aika p\u00e4\u00e4ttyy p\u00e4iv\u00e4n\u00e4, jolloin kalusto palautetaan sovitusti Vuokran-antajalle. 1vrk vuokra-aika on 24H ja alkaa siit\u00e4 kellonajasta, joka on vuokrausta etuk\u00e4teen sovittaessa ilmoitettu Vuokraajan toimesta. Mik\u00e4li Vuokraaja haluaa my\u00f6h\u00e4isemm\u00e4n palautusajan palautusp\u00e4iv\u00e4lle, laskutetaan lis\u00e4ksi 50% p\u00e4iv\u00e4vuokrasta. Mik\u00e4li toimitus viiv\u00e4styy Vuokranantajan takia, l\u00e4htee 1vrk aika vasta siit\u00e4, kun kone on luovutettu Vuokraajalle. Kaluston kuljetuskustannukset eiv\u00e4t sis\u00e4lly vuokraan, ellei osapuolten kesken ole toisin sovittu. My\u00f6h\u00e4isin mahdollinen kaluston palautusaika on Klo.18.<\/p>\n\n\n\n<h3 class=\"wp-block-heading\">3.Vuokrauksen kohde<\/h3>\n\n\n\n<p>Vuokrauksen kohteena on vuokrasopimukseen kirjattu kalusto varusteineen ja lis\u00e4laitteineen. Vuokrakohteeseen ei kuulu koneen polttoaine, voiteluaineet eik\u00e4 p\u00e4ivitt\u00e4inen huolto koneen ollessa Vuokraajan hallussa, mik\u00e4li niist\u00e4 ei ole erikseen kirjallisesti sovittu. Vuokraaja on velvollinen kalustoa vastaanottaessa tarkastamaan sen kunto ja mik\u00e4li kalustossa on puutteita, niist\u00e4 on ilmoitettava v\u00e4litt\u00f6m\u00e4sti Vuokranantajalle.<\/p>\n\n\n\n<h3 class=\"wp-block-heading\">4.Vuokrakaluston k\u00e4ytt\u00f6<\/h3>\n\n\n\n<p>Vuokraajan tulee tutustua kaluston k\u00e4ytt\u00f6ohjeisiin ja Vuokranantajan antamiin ohjeisiin. Vuokraajan tulee k\u00e4ytt\u00e4\u00e4 kalustoa huolellisesti vain sille tarkoitettuun tavanomaiseen k\u00e4ytt\u00f6\u00f6n ja puhdistaa kalusto k\u00e4yt\u00f6n j\u00e4lkeen. Tavanomaisia hoito- ja yll\u00e4pitotoimenpiteit\u00e4 lukuun ottamatta Vuokraaja ei saa korjata tai kolmannella osapuolella korjauttaa vuokrakalustoa ilman Vuokranantajan antamaa suostumusta.<\/p>\n\n\n\n<h3 class=\"wp-block-heading\">5.Vuokrakaluston palautus<\/h3>\n\n\n\n<p>Vuokraajan tulee palauttaa vuokrakalusto Vuokranantajalle v\u00e4litt\u00f6m\u00e4sti sovitun vuokra-ajan p\u00e4\u00e4ttyess\u00e4 puhdistettuna ja muutoin samassa kunnossa kuin se oli vuokralle luovuttaessa. Kalusto tulee palauttaa samaan paikkaan, josta vuokraus on alkanut, ellei muuta ole sovittu.<\/p>\n\n\n\n<h3 class=\"wp-block-heading\">6. Vuokraajan vastuu<\/h3>\n\n\n\n<p>Vuokraajan on todistettava henkil\u00f6llisyytens\u00e4.<\/p>\n\n\n\n<p>Vuokraaja on velvollinen korvaamaan vuokrakalustolle huolimattomasta ja virheellisest\u00e4 k\u00e4sittelyst\u00e4 ja puutteellisesta huollosta aiheutuneet vahingot ja kustannukset. Vuokraaja on velvollinen korvaamaan vuokra-aikana kadonneen kaluston sen todellisen arvon mukaan. Vuokraaja on my\u00f6s velvollinen korvaamaan tuhoutuneen kaluston, mik\u00e4li sit\u00e4 on k\u00e4ytetty ohjeiden vastaisesti, huolimattomasti tai muun kuin sen tavanomaisen k\u00e4ytt\u00f6tarkoituksen mukaan. Vuokraaja sitoutuu t\u00e4yteen korvaukseen kalustolle koituneesta katoamisesta tai vahingosta siin\u00e4kin tapauksessa, ett\u00e4 kolmas osapuoli varastamalla, rikkomalla tai muutoin vahingoittaa kalustoa sen ollessa Vuokraajan hallussa. Vuokranantajalla on oikeus peri\u00e4 mahdolliset vuokrakaluston puhdistuskulut erikseen.<\/p>\n\n\n\n<h3 class=\"wp-block-heading\">7. Vuokranantajan vastuu<\/h3>\n\n\n\n<p>Vuokranantaja vastaa kaluston normaalista kulumisesta aiheutuvista korjauskustannuksista. Vuokranantaja ei vastaa kaluston k\u00e4yt\u00f6st\u00e4 tai rikkoutumisesta Vuokraajalle mahdollisesti aiheutuvista v\u00e4lillisist\u00e4 tai v\u00e4litt\u00f6mist\u00e4 kustannuksista tai vahingoista. Vuokranantaja ei vastaa kaluston yhteensopivuudesta Vuokraajan oman kaluston kanssa. Vuokranantaja ei ole velvollinen hyvitt\u00e4m\u00e4\u00e4n kaluston vuokrahintaa, mik\u00e4li kalustoa ei saada toimimaan johtuen Vuokraajan puutteellisesta osaamisesta. K\u00e4yt\u00f6n opastus erikseen paikanp\u00e4\u00e4lle tulemalla on laskutettavaa ty\u00f6t\u00e4 ja hinta sovitaan tapauskohtaisesti. &nbsp;Koneen vikaantuessa Vuokraajaan liittym\u00e4tt\u00f6mist\u00e4 syist\u00e4 on Vuokranantaja velvollinen huoltamaan koneen ja hyvitt\u00e4m\u00e4\u00e4n rahallisesti menetetyn ajan vuokraajalle.<\/p>\n\n\n\n<h3 class=\"wp-block-heading\">8. Vakuutukset<\/h3>\n\n\n\n<p>Vuokrakalusto on vakuutettu Vuokranantajan toimesta. Vakuutus ei kuitenkaan kata koneen rikkoutumisesta tulevia kustannuksia, mik\u00e4li sit\u00e4 on k\u00e4ytetty ohjeiden vastaisesti tai muuhun kuin sille tarkoitettuun tavanomaiseen k\u00e4ytt\u00f6\u00f6n.<\/p>\n\n\n\n<h3 class=\"wp-block-heading\">Yhteystiedot<\/h3>\n\n\n\n<p>Kyr\u00f6 Rent\/Remontti &amp;  Rakennus Tauriainen Oy<br>rrtauriainen@gmail.com<br>Alam\u00e4entie 17 61550 Orismala<br>Y-tunnus: 3186121-7<\/p>\n\n\n\n<p><\/p>\n\n\n\n<p><\/p>\n\n\n\n<p><\/p>\n\n\n\n<p><\/p>\n","protected":false},"excerpt":{"rendered":"<p>Kalustovuokrauksen yleiset ehdot Me Kyr\u00f6 Rentill\u00e4 (Remontti &amp; Rakennus Tauriainen Oy) haluamme, ett\u00e4 vuokraaminen on huoletonta. 1.Sopijapuolet ja soveltamisala N\u00e4it\u00e4 [&hellip;]<\/p>\n","protected":false},"author":1,"featured_media":0,"parent":0,"menu_order":0,"comment_status":"closed","ping_status":"closed","template":"","meta":{"site-sidebar-layout":"default","site-content-layout":"","ast-site-content-layout":"default","site-content-style":"default","site-sidebar-style":"default","ast-global-header-display":"","ast-banner-title-visibility":"","ast-main-header-display":"","ast-hfb-above-header-display":"","ast-hfb-below-header-display":"","ast-hfb-mobile-header-display":"","site-post-title":"","ast-breadcrumbs-content":"","ast-featured-img":"","footer-sml-layout":"","ast-disable-related-posts":"","theme-transparent-header-meta":"","adv-header-id-meta":"","stick-header-meta":"","header-above-stick-meta":"","header-main-stick-meta":"","header-below-stick-meta":"","astra-migrate-meta-layouts":"default","ast-page-background-enabled":"default","ast-page-background-meta":{"desktop":{"background-color":"var(--ast-global-color-5)","background-image":"","background-repeat":"repeat","background-position":"center center","background-size":"auto","background-attachment":"scroll","background-type":"","background-media":"","overlay-type":"","overlay-color":"","overlay-opacity":"","overlay-gradient":""},"tablet":{"background-color":"","background-image":"","background-repeat":"repeat","background-position":"center center","background-size":"auto","background-attachment":"scroll","background-type":"","background-media":"","overlay-type":"","overlay-color":"","overlay-opacity":"","overlay-gradient":""},"mobile":{"background-color":"","background-image":"","background-repeat":"repeat","background-position":"center center","background-size":"auto","background-attachment":"scroll","background-type":"","background-media":"","overlay-type":"","overlay-color":"","overlay-opacity":"","overlay-gradient":""}},"ast-content-background-meta":{"desktop":{"background-color":"var(--ast-global-color-4)","background-image":"","background-repeat":"repeat","background-position":"center center","background-size":"auto","background-attachment":"scroll","background-type":"","background-media":"","overlay-type":"","overlay-color":"","overlay-opacity":"","overlay-gradient":""},"tablet":{"background-color":"var(--ast-global-color-4)","background-image":"","background-repeat":"repeat","background-position":"center center","background-size":"auto","background-attachment":"scroll","background-type":"","background-media":"","overlay-type":"","overlay-color":"","overlay-opacity":"","overlay-gradient":""},"mobile":{"background-color":"var(--ast-global-color-4)","background-image":"","background-repeat":"repeat","background-position":"center center","background-size":"auto","background-attachment":"scroll","background-type":"","background-media":"","overlay-type":"","overlay-color":"","overlay-opacity":"","overlay-gradient":""}},"footnotes":""},"class_list":["post-84","page","type-page","status-publish","hentry"],"_links":{"self":[{"href":"https:\/\/kyrorent.fi\/index.php\/wp-json\/wp\/v2\/pages\/84","targetHints":{"allow":["GET"]}}],"collection":[{"href":"https:\/\/kyrorent.fi\/index.php\/wp-json\/wp\/v2\/pages"}],"about":[{"href":"https:\/\/kyrorent.fi\/index.php\/wp-json\/wp\/v2\/types\/page"}],"author":[{"embeddable":true,"href":"https:\/\/kyrorent.fi\/index.php\/wp-json\/wp\/v2\/users\/1"}],"replies":[{"embeddable":true,"href":"https:\/\/kyrorent.fi\/index.php\/wp-json\/wp\/v2\/comments?post=84"}],"version-history":[{"count":2,"href":"https:\/\/kyrorent.fi\/index.php\/wp-json\/wp\/v2\/pages\/84\/revisions"}],"predecessor-version":[{"id":114,"href":"https:\/\/kyrorent.fi\/index.php\/wp-json\/wp\/v2\/pages\/84\/revisions\/114"}],"wp:attachment":[{"href":"https:\/\/kyrorent.fi\/index.php\/wp-json\/wp\/v2\/media?parent=84"}],"curies":[{"name":"wp","href":"https:\/\/api.w.org\/{rel}","templated":true}]}}